{"id":1350,"date":"2024-03-02T08:59:50","date_gmt":"2024-03-02T08:59:50","guid":{"rendered":"https:\/\/wydawnictwohh.pl\/?post_type=product&#038;p=1350"},"modified":"2025-11-24T12:31:10","modified_gmt":"2025-11-24T12:31:10","slug":"zapach-pozadania-2","status":"publish","type":"product","link":"https:\/\/wydawnictwohh.pl\/index.php\/produkt\/zapach-pozadania-2\/","title":{"rendered":"Zapach Po\u017c\u0105dania. NIENASYCENI #1 (Monika Nawara)"},"content":{"rendered":"<p style=\"text-align: left;\">Tom 1 serii &#8222;Nienasyceni&#8221;<\/p>\n<p>Catherine Montmar, absolwentka Sorbony, rozpoczyna prac\u0119 w firmie perfumeryjnej za\u0142o\u017conej przez swojego dziadka. Szybko okazuje si\u0119, \u017ce rodzinny biznes nie jest przys\u0142owiow\u0105 gwiazdk\u0105 z nieba. Przedsi\u0119biorstwo ma ogromne k\u0142opoty.<\/p>\n<p>Prezes Bruno Winters, podobnie jak Catherine, r\u00f3wnie\u017c pracuje w rodzinnej firmie, ale ta zajmuje si\u0119 przejmowaniem bankrutuj\u0105cych podmiot\u00f3w, kt\u00f3re nie maj\u0105 szans na przetrwanie. M\u0119\u017cczyzna uwa\u017ca, \u017ce w biznesie wszystkie chwyty s\u0105 dozwolone, ale kiedy na jego drodze pojawia si\u0119 intryguj\u0105ca brunetka, mocno weryfikuje swoje zasady.<\/p>\n<p>Catherine i Bruno stoj\u0105 po dw\u00f3ch stronach barykady, jednak co\u015b ju\u017c ich \u0142\u0105czy. Zapach po\u017c\u0105dania, kt\u00f3ry przyci\u0105ga ich jak magnes, a kt\u00f3remu nie mog\u0105 i nie chc\u0105 ulec.<\/p>\n","protected":false},"excerpt":{"rendered":"<h6 style=\"text-align: left;\" align=\"center\">Najni\u017csza cena z 30 dni przed obni\u017ck\u0105: 24,90 z\u0142<\/h6>\n","protected":false},"featured_media":1919,"comment_status":"open","ping_status":"closed","template":"","meta":{"_kadence_starter_templates_imported_post":false,"_kad_post_transparent":"disable","_kad_post_title":"","_kad_post_layout":"normal","_kad_post_sidebar_id":"","_kad_post_content_style":"boxed","_kad_post_vertical_padding":"show","_kad_post_feature":"","_kad_post_feature_position":"","_kad_post_header":false,"_kad_post_footer":false},"product_brand":[],"product_cat":[24,25,34],"product_tag":[30,26,29,27,28],"class_list":{"0":"post-1350","1":"product","2":"type-product","3":"status-publish","4":"has-post-thumbnail","6":"product_cat-ksiazki","7":"product_cat-romans-i-erotyka","8":"product_cat-romans-hate-love","9":"product_tag-erotyka","10":"product_tag-nienasyceni","11":"product_tag-romans","12":"product_tag-zapach","13":"product_tag-zapach-pozadania","14":"product_shipping_class-ksiazka","16":"first","17":"instock","18":"sale","19":"purchasable","20":"product-type-simple","21":"entry","22":"content-bg","23":"loop-entry"},"jetpack_sharing_enabled":true,"_links":{"self":[{"href":"https:\/\/wydawnictwohh.pl\/index.php\/wp-json\/wp\/v2\/product\/1350","targetHints":{"allow":["GET"]}}],"collection":[{"href":"https:\/\/wydawnictwohh.pl\/index.php\/wp-json\/wp\/v2\/product"}],"about":[{"href":"https:\/\/wydawnictwohh.pl\/index.php\/wp-json\/wp\/v2\/types\/product"}],"replies":[{"embeddable":true,"href":"https:\/\/wydawnictwohh.pl\/index.php\/wp-json\/wp\/v2\/comments?post=1350"}],"wp:featuredmedia":[{"embeddable":true,"href":"https:\/\/wydawnictwohh.pl\/index.php\/wp-json\/wp\/v2\/media\/1919"}],"wp:attachment":[{"href":"https:\/\/wydawnictwohh.pl\/index.php\/wp-json\/wp\/v2\/media?parent=1350"}],"wp:term":[{"taxonomy":"product_brand","embeddable":true,"href":"https:\/\/wydawnictwohh.pl\/index.php\/wp-json\/wp\/v2\/product_brand?post=1350"},{"taxonomy":"product_cat","embeddable":true,"href":"https:\/\/wydawnictwohh.pl\/index.php\/wp-json\/wp\/v2\/product_cat?post=1350"},{"taxonomy":"product_tag","embeddable":true,"href":"https:\/\/wydawnictwohh.pl\/index.php\/wp-json\/wp\/v2\/product_tag?post=1350"}],"curies":[{"name":"wp","href":"https:\/\/api.w.org\/{rel}","templated":true}]}}