{"id":1484,"date":"2024-03-02T13:01:45","date_gmt":"2024-03-02T13:01:45","guid":{"rendered":"https:\/\/wydawnictwohh.pl\/?post_type=product&#038;p=1484"},"modified":"2025-11-24T12:30:06","modified_gmt":"2025-11-24T12:30:06","slug":"gabriel","status":"publish","type":"product","link":"https:\/\/wydawnictwohh.pl\/index.php\/produkt\/gabriel\/","title":{"rendered":"GABRIEL. Crazy Love #1 (Monika Nawara)"},"content":{"rendered":"<p>Seria CRAZY LOVE #1<\/p>\n<p>Rosalyn Beckers i Gabriel Smith dzi\u0119ki wsp\u00f3lnym przyjacio\u0142om znaj\u0105 si\u0119 od dawna. Cz\u0119sto mijali si\u0119 na imprezach, wymieniaj\u0105c jedynie formu\u0142ki grzeczno\u015bciowe.<\/p>\n<p>Wkr\u00f3tce to si\u0119 zmienia, bo przyjaciele wkr\u0119caj\u0105 ich we wsp\u00f3lny wyjazd. I tak Rosalyn oraz Gabriel l\u0105duj\u0105 w tym samym domku letniskowym nad jeziorem Tahoe, o czym dowiaduj\u0105 si\u0119 dopiero na miejscu. Oboje s\u0105 niemi\u0142o zaskoczeni. Nied\u0142ugo wychodzi na jaw, \u017ce ich przyjaciel Logan wszystko ukartowa\u0142, martwi\u0105c si\u0119 o bezpiecze\u0144stwo Rosalyn, poniewa\u017c ostatnio by\u0142a n\u0119kana przez adoratora, kt\u00f3ry sta\u0142 si\u0119 coraz bardziej nachalny.<\/p>\n<p>Urlopowicze nie s\u0105 zadowoleni z zaistnia\u0142ej sytuacji, jednak przyjechali odpocz\u0105\u0107, wi\u0119c postanawiaj\u0105 sp\u0119dzi\u0107 tydzie\u0144 nad jeziorem i nie wchodzi\u0107 sobie w drog\u0119. Czy tego chc\u0105, czy nie, pojawia si\u0119 mi\u0119dzy nimi\u2026 po\u017c\u0105danie.<\/p>\n","protected":false},"excerpt":{"rendered":"<h6 style=\"text-align: left;\" align=\"center\">Najni\u017csza cena z 30 dni przed obni\u017ck\u0105: 29,90 z\u0142<\/h6>\n","protected":false},"featured_media":1923,"comment_status":"open","ping_status":"closed","template":"","meta":{"_kadence_starter_templates_imported_post":false,"_kad_post_transparent":"default","_kad_post_title":"","_kad_post_layout":"normal","_kad_post_sidebar_id":"","_kad_post_content_style":"boxed","_kad_post_vertical_padding":"show","_kad_post_feature":"","_kad_post_feature_position":"","_kad_post_header":false,"_kad_post_footer":false},"product_brand":[],"product_cat":[24,25,34],"product_tag":[35,43,29],"class_list":{"0":"post-1484","1":"product","2":"type-product","3":"status-publish","4":"has-post-thumbnail","6":"product_cat-ksiazki","7":"product_cat-romans-i-erotyka","8":"product_cat-romans-hate-love","9":"product_tag-crazy-love","10":"product_tag-gabriel","11":"product_tag-romans","12":"product_shipping_class-ksiazka","14":"first","15":"instock","16":"sale","17":"purchasable","18":"product-type-simple","19":"entry","20":"content-bg","21":"loop-entry"},"jetpack_sharing_enabled":true,"_links":{"self":[{"href":"https:\/\/wydawnictwohh.pl\/index.php\/wp-json\/wp\/v2\/product\/1484","targetHints":{"allow":["GET"]}}],"collection":[{"href":"https:\/\/wydawnictwohh.pl\/index.php\/wp-json\/wp\/v2\/product"}],"about":[{"href":"https:\/\/wydawnictwohh.pl\/index.php\/wp-json\/wp\/v2\/types\/product"}],"replies":[{"embeddable":true,"href":"https:\/\/wydawnictwohh.pl\/index.php\/wp-json\/wp\/v2\/comments?post=1484"}],"wp:featuredmedia":[{"embeddable":true,"href":"https:\/\/wydawnictwohh.pl\/index.php\/wp-json\/wp\/v2\/media\/1923"}],"wp:attachment":[{"href":"https:\/\/wydawnictwohh.pl\/index.php\/wp-json\/wp\/v2\/media?parent=1484"}],"wp:term":[{"taxonomy":"product_brand","embeddable":true,"href":"https:\/\/wydawnictwohh.pl\/index.php\/wp-json\/wp\/v2\/product_brand?post=1484"},{"taxonomy":"product_cat","embeddable":true,"href":"https:\/\/wydawnictwohh.pl\/index.php\/wp-json\/wp\/v2\/product_cat?post=1484"},{"taxonomy":"product_tag","embeddable":true,"href":"https:\/\/wydawnictwohh.pl\/index.php\/wp-json\/wp\/v2\/product_tag?post=1484"}],"curies":[{"name":"wp","href":"https:\/\/api.w.org\/{rel}","templated":true}]}}