{"id":1905,"date":"2024-03-10T11:13:12","date_gmt":"2024-03-10T11:13:12","guid":{"rendered":"https:\/\/wydawnictwohh.pl\/?post_type=product&#038;p=1905"},"modified":"2025-11-24T12:29:35","modified_gmt":"2025-11-24T12:29:35","slug":"logan-crazy-love-2-monika-nawara","status":"publish","type":"product","link":"https:\/\/wydawnictwohh.pl\/index.php\/produkt\/logan-crazy-love-2-monika-nawara\/","title":{"rendered":"LOGAN. Crazy Love #2 (Monika Nawara)"},"content":{"rendered":"<p>Seria CRAZY LOVE #2<\/p>\n<p>Logan Sullivan i Samira Hudson przyja\u017ani\u0105 si\u0119 od dawna i tak by pozosta\u0142o, gdyby nie jedna chwila s\u0142abo\u015bci i pochopnie podj\u0119ta decyzja.<\/p>\n<p>Pewien wyj\u0105tkowy wiecz\u00f3r zmienia wszystko, sprawiaj\u0105c, \u017ce do ich pouk\u0142adanego \u017cycia nieoczekiwanie wkrada si\u0119 trudny do opanowania chaos.<\/p>\n<p>Oboje pr\u00f3buj\u0105 poradzi\u0107 sobie z konsekwencjami w\u0142asnych wybor\u00f3w, jednak w zupe\u0142nie inny spos\u00f3b. Logan dochodzi do wniosku, \u017ce zbyt d\u0142ugo t\u0142umi\u0142 w sobie uczucia i wreszcie jest gotowy na zbudowanie z Samir\u0105 czego\u015b sta\u0142ego i warto\u015bciowego. Natomiast Samira ze strachu przed tym, \u017ce straci przyjaciela, zaczyna go unika\u0107.<\/p>\n<p>Czy jest szansa, by tych dwoje po\u0142\u0105czy\u0142o prawdziwe uczucie?<\/p>\n<p>A mo\u017ce ich przyja\u017a\u0144 ostatecznie nie przetrwa naruszonego zaufania, wielu niedopowiedze\u0144 i chwilowej fascynacji?<\/p>\n","protected":false},"excerpt":{"rendered":"<h6 style=\"text-align: left;\" align=\"center\">Najni\u017csza cena z 30 dni przed obni\u017ck\u0105: 29,90 z\u0142<\/h6>\n","protected":false},"featured_media":1910,"comment_status":"open","ping_status":"closed","template":"","meta":{"_kadence_starter_templates_imported_post":false,"_kad_post_transparent":"default","_kad_post_title":"","_kad_post_layout":"normal","_kad_post_sidebar_id":"","_kad_post_content_style":"boxed","_kad_post_vertical_padding":"show","_kad_post_feature":"","_kad_post_feature_position":"","_kad_post_header":false,"_kad_post_footer":false},"product_brand":[],"product_cat":[24,25,53],"product_tag":[35,54,29],"class_list":{"0":"post-1905","1":"product","2":"type-product","3":"status-publish","4":"has-post-thumbnail","6":"product_cat-ksiazki","7":"product_cat-romans-i-erotyka","8":"product_cat-romans-friends-to-lovers","9":"product_tag-crazy-love","10":"product_tag-logan","11":"product_tag-romans","12":"product_shipping_class-ksiazka","14":"first","15":"instock","16":"sale","17":"purchasable","18":"product-type-simple","19":"entry","20":"content-bg","21":"loop-entry"},"jetpack_sharing_enabled":true,"_links":{"self":[{"href":"https:\/\/wydawnictwohh.pl\/index.php\/wp-json\/wp\/v2\/product\/1905","targetHints":{"allow":["GET"]}}],"collection":[{"href":"https:\/\/wydawnictwohh.pl\/index.php\/wp-json\/wp\/v2\/product"}],"about":[{"href":"https:\/\/wydawnictwohh.pl\/index.php\/wp-json\/wp\/v2\/types\/product"}],"replies":[{"embeddable":true,"href":"https:\/\/wydawnictwohh.pl\/index.php\/wp-json\/wp\/v2\/comments?post=1905"}],"wp:featuredmedia":[{"embeddable":true,"href":"https:\/\/wydawnictwohh.pl\/index.php\/wp-json\/wp\/v2\/media\/1910"}],"wp:attachment":[{"href":"https:\/\/wydawnictwohh.pl\/index.php\/wp-json\/wp\/v2\/media?parent=1905"}],"wp:term":[{"taxonomy":"product_brand","embeddable":true,"href":"https:\/\/wydawnictwohh.pl\/index.php\/wp-json\/wp\/v2\/product_brand?post=1905"},{"taxonomy":"product_cat","embeddable":true,"href":"https:\/\/wydawnictwohh.pl\/index.php\/wp-json\/wp\/v2\/product_cat?post=1905"},{"taxonomy":"product_tag","embeddable":true,"href":"https:\/\/wydawnictwohh.pl\/index.php\/wp-json\/wp\/v2\/product_tag?post=1905"}],"curies":[{"name":"wp","href":"https:\/\/api.w.org\/{rel}","templated":true}]}}