{"id":2679,"date":"2025-11-17T10:03:35","date_gmt":"2025-11-17T10:03:35","guid":{"rendered":"https:\/\/wydawnictwohh.pl\/?post_type=product&#038;p=2679"},"modified":"2026-04-13T09:59:26","modified_gmt":"2026-04-13T09:59:26","slug":"plan-blogoslawiony-dariusz-gieron","status":"publish","type":"product","link":"https:\/\/wydawnictwohh.pl\/index.php\/produkt\/plan-blogoslawiony-dariusz-gieron\/","title":{"rendered":"PLAN B\u0142ogos\u0142awiony (Dariusz Giero\u0144)"},"content":{"rendered":"<p>Wysy\u0142ka w okolicach premiery, czyli 13 grudnia!<\/p>\n<div>\n<div>\n<p style=\"text-align: center;\"><strong>KIEDY B\u00d3G NIE ZSY\u0141A CUD\u00d3W, POTRZEBNY JEST\u2026 PLAN B.<\/strong><\/p>\n<p style=\"text-align: center;\">\n<\/div>\n<div style=\"text-align: center;\">\n<p>Sensacyjna powie\u015b\u0107 pe\u0142na czarnego humoru, nieoczekiwanych zwrot\u00f3w akcji i bohater\u00f3w balansuj\u0105cych mi\u0119dzy \u015bwi\u0119to\u015bci\u0105 a grzechem.<\/p>\n<\/div>\n<div style=\"text-align: center;\">\n<p>Janusz ma dobre serce i plan, kt\u00f3ry z pozoru wydaje si\u0119 prosty \u2013 jedno porwanie, szybki okup, \u017cadnych ofiar. Nie jest to do ko\u0144ca zgodne z kap\u0142a\u0144sk\u0105 rutyn\u0105, ale przecie\u017c B\u00f3g widzi intencje. Trzeba zmieni\u0107 \u015bwiat, w kt\u00f3rym m\u0142odzie\u017c cz\u0119\u015bciej trafia do monopolowego ni\u017c do ko\u015bcio\u0142a.<\/p>\n<\/div>\n<div>\n<p style=\"text-align: center;\">Wszystko komplikuje si\u0119 w chwili, kiedy ojciec porwanej zatrudnia Kosina \u2013 by\u0142ego kontrterroryst\u0119, cz\u0142owieka, kt\u00f3ry nie ufa nikomu, nie cofa si\u0119 przed niczym i ma w\u0142asn\u0105 definicj\u0119 sprawiedliwo\u015bci.<\/p>\n<p>&nbsp;<\/p>\n<\/div>\n<div>\n<p style=\"text-align: center;\"><strong>ZACZYNA SI\u0118 GRA, W KT\u00d3REJ SUTANNA MO\u017bE NIE BY\u0106 WYSTARCZAJ\u0104CYM ALIBI.<\/strong><\/p>\n<\/div>\n<div>\n<p>&nbsp;<\/p>\n<\/div>\n<\/div>\n","protected":false},"excerpt":{"rendered":"<h6 style=\"text-align: left;\" align=\"center\">Najni\u017csza cena z 30 dni przed obni\u017ck\u0105: 39,90 z\u0142<\/h6>\n","protected":false},"featured_media":2680,"comment_status":"open","ping_status":"closed","template":"","meta":{"_kadence_starter_templates_imported_post":false,"_kad_post_transparent":"default","_kad_post_title":"","_kad_post_layout":"normal","_kad_post_sidebar_id":"","_kad_post_content_style":"boxed","_kad_post_vertical_padding":"show","_kad_post_feature":"","_kad_post_feature_position":"","_kad_post_header":false,"_kad_post_footer":false},"product_brand":[],"product_cat":[63,64,24,16],"product_tag":[65,66,67],"class_list":{"0":"post-2679","1":"product","2":"type-product","3":"status-publish","4":"has-post-thumbnail","6":"product_cat-kryminal","7":"product_cat-sensacja","8":"product_cat-ksiazki","9":"product_cat-kryminal-ksiazki","10":"product_tag-kryminal","11":"product_tag-sensacja","12":"product_tag-thriller","13":"product_shipping_class-ksiazka","15":"first","16":"instock","17":"sale","18":"featured","19":"purchasable","20":"product-type-simple","21":"entry","22":"content-bg","23":"loop-entry"},"jetpack_sharing_enabled":true,"_links":{"self":[{"href":"https:\/\/wydawnictwohh.pl\/index.php\/wp-json\/wp\/v2\/product\/2679","targetHints":{"allow":["GET"]}}],"collection":[{"href":"https:\/\/wydawnictwohh.pl\/index.php\/wp-json\/wp\/v2\/product"}],"about":[{"href":"https:\/\/wydawnictwohh.pl\/index.php\/wp-json\/wp\/v2\/types\/product"}],"replies":[{"embeddable":true,"href":"https:\/\/wydawnictwohh.pl\/index.php\/wp-json\/wp\/v2\/comments?post=2679"}],"wp:featuredmedia":[{"embeddable":true,"href":"https:\/\/wydawnictwohh.pl\/index.php\/wp-json\/wp\/v2\/media\/2680"}],"wp:attachment":[{"href":"https:\/\/wydawnictwohh.pl\/index.php\/wp-json\/wp\/v2\/media?parent=2679"}],"wp:term":[{"taxonomy":"product_brand","embeddable":true,"href":"https:\/\/wydawnictwohh.pl\/index.php\/wp-json\/wp\/v2\/product_brand?post=2679"},{"taxonomy":"product_cat","embeddable":true,"href":"https:\/\/wydawnictwohh.pl\/index.php\/wp-json\/wp\/v2\/product_cat?post=2679"},{"taxonomy":"product_tag","embeddable":true,"href":"https:\/\/wydawnictwohh.pl\/index.php\/wp-json\/wp\/v2\/product_tag?post=2679"}],"curies":[{"name":"wp","href":"https:\/\/api.w.org\/{rel}","templated":true}]}}